{"id":10408,"date":"2022-08-19T12:01:47","date_gmt":"2022-08-19T09:01:47","guid":{"rendered":"https:\/\/www.birolberber.com\/?page_id=10408"},"modified":"2022-08-20T02:48:45","modified_gmt":"2022-08-19T23:48:45","slug":"personal-data-protection","status":"publish","type":"page","link":"https:\/\/www.birolberber.com\/en\/personal-data-protection\/","title":{"rendered":"KVKK"},"content":{"rendered":"<h4><b><strong>Information on Protection of Personal Data;<\/strong><\/b><\/h4>\n<p style=\"font-weight: 400;\">As Birol Berber, we attach great importance to the processing and preservation of your personal data in accordance with the Law No. 6698 on the Protection of Personal Data (\u201cLaw\u201d). We would like to inform our customers about our purpose and methods of collecting, processing and transferring personal data and, accordingly, your rights arising from the Law.<\/p>\n<h5 style=\"font-weight: 600;\">1. Methods of collecting personal data<\/h5>\n<p style=\"font-weight: 400;\">As Birol Berber, as a data controller, within the framework of our legal obligations arising from the legislation; You can use the services of our brands, to inform you about our campaigns with your approval, to record your suggestions and complaints, to set better service standards for you, to determine and implement Birol Barber and business strategies, your personal data verbally, through websites, social media channels and similar means, We collect it by written or electronic means.<\/p>\n<p style=\"font-weight: 400;\">Your personal data, which was obtained in accordance with the law before the Personal Data Protection Law came into force, is also processed and protected in accordance with the terms and conditions set forth in this document.<\/p>\n<h5 style=\"font-weight: 600;\">2. Processing of personal data and purposes of processing<\/h5>\n<p style=\"font-weight: 400;\">As Birol Berber, through our call centers, written communication channels, social media pages and\/or all kinds of channels including but not limited to; Your personal and\/or sensitive personal data, which we obtain with your consent, can be obtained, recorded, stored, stored, changed, updated, periodically checked, rearranged, classified, in whole or in part, for the period required for the purpose for which they are processed or stipulated in the relevant law. can be kept, in case of legal or service-related actual requirements, with private-legal persons with whom Birol Berber works, or with public institutions and organizations for which it is legally liable, and\/or relevant third-party real persons\/legal persons residing in Turkey or abroad. It can be shared\/transferred, transferred abroad in case of legal or service-related actual requirements. Birol Berber customers can benefit from the services of our brands, inform you about our campaigns if you approve, record your suggestions and complaints, create better service standards for you, determine and implement Birol Berber commercial and business strategies, and in any case, the Law on the Protection of Personal Data No. 6698 and the relevant We inform you that we may process your personal data in accordance with the legislation.<\/p>\n<h5 style=\"font-weight: 600;\">3. Transfer of Personal Data<\/h5>\n<p style=\"font-weight: 400;\">Birol Berber only; Based on your express consent or within the framework of the security and confidentiality principles specified in the Law, within the country and abroad, provided that the necessary security measures are taken, providing the business relationship between the data owners and our customers and\/or holding meetings for this purpose, services, opportunities and in order to provide opportunities and improve service quality; Our group companies, business partners, customers with whom we have contracted and provided services due to our activities, suppliers, audit companies or public institutions or organizations that are authorized to request this data as required by a legal obligation, including but not limited to other relevant authorities.<\/p>\n<h5 style=\"font-weight: 600;\">4. Rights of Personal Data Owners Enumerated in Article 11 of the KVK Law (\u201cLaw\u201d)<\/h5>\n<ul style=\"font-weight: 400;\">\n<li>Birol Berber will respond to the following requests of the relevant persons: To learn whether Birol Berber processes personal data concerning them and which personal data it processes,<\/li>\n<li>Receiving information about the purposes of the processing activity,<\/li>\n<li>Knowing the third parties to whom Birol Berber transfers personal data in the country or abroad,<\/li>\n<li>Requesting correction of personal data in case of incomplete or incorrect processing,<\/li>\n<li>Requesting the deletion or destruction of personal data in accordance with the Law,<\/li>\n<li>In case of request for correction, deletion or destruction of personal data; requesting the notification of the transactions made to the third parties to whom the personal data has been transferred,<\/li>\n<li>Objecting to the emergence of a result against the person himself by analyzing the processed data exclusively through automated systems, and<\/li>\n<li>Receive a copy of your personal data.<\/li>\n<\/ul>\n<p style=\"font-weight: 400;\">Fulya Mah. Ortaklar Cad. Ak\u0131nc\u0131 Bay\u0131r\u0131 Sok. Star Apt. No:7 D:14 34394 Birol Berber website located in \u015ei\u015fli\/Istanbul is the data controller within the scope of KVKK.<\/p>\n<p style=\"font-weight: 400;\">Personal data owners can contact us regarding their opinions and questions.<\/p>\n<p><strong>Email:<\/strong> <a href=\"mailto:birolberber@bibersa.com\">birolberber@bibersa.com<\/a><strong><br \/>\n<\/strong><\/p>\n<h4 style=\"font-weight: 400;\"><strong>Use of Cookies<\/strong><\/h4>\n<p>Cookies are small text files or information saved on your computer or mobile device (such as a smartphone or tablet) when you visit our site. We use cookies to make our Sites easier to use and to tailor to your interests and needs. Websites can read and write these cookie files, so that important information about you is remembered (such as remembering your preference settings) in order to be recognized and to offer you a more suitable website. Cookies also help speed up your future activity on our Sites. In addition, we may use cookies to collect statistical information about the use of our Sites in order to understand how visitors use our Sites and to improve the design and usability of our Sites.<\/p>","protected":false},"excerpt":{"rendered":"<p>Ki\u015fisel Verilerin Korunmas\u0131na \u0130li\u015fkin Bilgilendirme; Birol Berber olarak ki\u015fisel verilerinizin 6698 say\u0131l\u0131 Ki\u015fisel Verilerin Korunmas\u0131 Kanunu&#8217;na (&#8220;Kanun&#8221;) uygun olarak i\u015flenerek, muhafaza edilmesine b\u00fcy\u00fck \u00f6nem veriyoruz. M\u00fc\u015fterilerimizi ki\u015fisel verileri toplama, i\u015fleme, aktarma amac\u0131m\u0131z ve y\u00f6ntemlerimiz ve buna ba\u011fl\u0131 olarak sizlerin Kanun&#8217;dan kaynaklanan haklar\u0131n\u0131zla ilgili bilgilendirmek isteriz. 1. Ki\u015fisel verilerin toplanmas\u0131na ili\u015fkin y\u00f6ntemler Birol Berber olarak, veri sorumlusu s\u0131fat\u0131yla, mevzuattan kaynaklanan yasal y\u00fck\u00fcml\u00fcl\u00fcklerimiz \u00e7er\u00e7evesinde; markalar\u0131m\u0131z\u0131n hizmetlerinden faydalanabilmeniz, onay\u0131n\u0131z halinde kampanyalar\u0131m\u0131z hakk\u0131nda sizleri bilgilendirmek, \u00f6neri ve \u015fikayetlerinizi kay\u0131t alt\u0131na alabilmek, sizlere daha iyi hizmet standartlar\u0131 olu\u015fturabilmek, Birol Berber ve i\u015f stratejilerinin belirlenmesi ve uygulanmas\u0131 gibi ama\u00e7larla ki\u015fisel verilerinizi s\u00f6zl\u00fc, internet sitesi, sosyal medya [&hellip;]<\/p>\n","protected":false},"author":1,"featured_media":0,"parent":0,"menu_order":0,"comment_status":"closed","ping_status":"closed","template":"","meta":{"footnotes":""},"class_list":["post-10408","page","type-page","status-publish","hentry"],"yoast_head":"<!-- This site is optimized with the Yoast SEO Premium plugin v21.2 (Yoast SEO v27.5) - https:\/\/yoast.com\/product\/yoast-seo-premium-wordpress\/ -->\n<title>KVKK - Seslendirme &amp; Dublaj Y\u00f6netmeni | Birol Berber<\/title>\n<meta name=\"robots\" content=\"index, follow, max-snippet:-1, max-image-preview:large, max-video-preview:-1\" \/>\n<link rel=\"canonical\" href=\"https:\/\/www.birolberber.com\/en\/personal-data-protection\/\" \/>\n<meta property=\"og:locale\" content=\"en_US\" \/>\n<meta property=\"og:type\" content=\"article\" \/>\n<meta property=\"og:title\" content=\"KVKK\" \/>\n<meta property=\"og:description\" content=\"Ki\u015fisel Verilerin Korunmas\u0131na \u0130li\u015fkin Bilgilendirme; Birol Berber olarak ki\u015fisel verilerinizin 6698 say\u0131l\u0131 Ki\u015fisel Verilerin Korunmas\u0131 Kanunu&#8217;na (&#8220;Kanun&#8221;) uygun olarak i\u015flenerek, muhafaza edilmesine b\u00fcy\u00fck \u00f6nem veriyoruz. M\u00fc\u015fterilerimizi ki\u015fisel verileri toplama, i\u015fleme, aktarma amac\u0131m\u0131z ve y\u00f6ntemlerimiz ve buna ba\u011fl\u0131 olarak sizlerin Kanun&#8217;dan kaynaklanan haklar\u0131n\u0131zla ilgili bilgilendirmek isteriz. 1. Ki\u015fisel verilerin toplanmas\u0131na ili\u015fkin y\u00f6ntemler Birol Berber olarak, veri sorumlusu s\u0131fat\u0131yla, mevzuattan kaynaklanan yasal y\u00fck\u00fcml\u00fcl\u00fcklerimiz \u00e7er\u00e7evesinde; markalar\u0131m\u0131z\u0131n hizmetlerinden faydalanabilmeniz, onay\u0131n\u0131z halinde kampanyalar\u0131m\u0131z hakk\u0131nda sizleri bilgilendirmek, \u00f6neri ve \u015fikayetlerinizi kay\u0131t alt\u0131na alabilmek, sizlere daha iyi hizmet standartlar\u0131 olu\u015fturabilmek, Birol Berber ve i\u015f stratejilerinin belirlenmesi ve uygulanmas\u0131 gibi ama\u00e7larla ki\u015fisel verilerinizi s\u00f6zl\u00fc, internet sitesi, sosyal medya [&hellip;]\" \/>\n<meta property=\"og:url\" content=\"https:\/\/www.birolberber.com\/en\/personal-data-protection\/\" \/>\n<meta property=\"og:site_name\" content=\"Seslendirme &amp; Dublaj Y\u00f6netmeni | Birol Berber\" \/>\n<meta property=\"article:publisher\" content=\"https:\/\/www.facebook.com\/birolberber.bibersa\" \/>\n<meta property=\"article:modified_time\" content=\"2022-08-19T23:48:45+00:00\" \/>\n<meta property=\"og:image\" content=\"https:\/\/www.birolberber.com\/wp-content\/uploads\/2022\/08\/birol-berber.png\" \/>\n\t<meta property=\"og:image:width\" content=\"2560\" \/>\n\t<meta property=\"og:image:height\" content=\"1440\" \/>\n\t<meta property=\"og:image:type\" content=\"image\/png\" \/>\n<meta name=\"twitter:card\" content=\"summary_large_image\" \/>\n<meta name=\"twitter:site\" content=\"@birolberber\" \/>\n<meta name=\"twitter:label1\" content=\"Est. reading time\" \/>\n\t<meta name=\"twitter:data1\" content=\"5 minutes\" \/>\n<script type=\"application\/ld+json\" class=\"yoast-schema-graph\">{\"@context\":\"https:\\\/\\\/schema.org\",\"@graph\":[{\"@type\":\"WebPage\",\"@id\":\"https:\\\/\\\/www.birolberber.com\\\/en\\\/kisisel-verileri-koruma\\\/\",\"url\":\"https:\\\/\\\/www.birolberber.com\\\/en\\\/kisisel-verileri-koruma\\\/\",\"name\":\"KVKK - Seslendirme &amp; Dublaj Y\u00f6netmeni | Birol Berber\",\"isPartOf\":{\"@id\":\"https:\\\/\\\/www.birolberber.com\\\/#website\"},\"datePublished\":\"2022-08-19T09:01:47+00:00\",\"dateModified\":\"2022-08-19T23:48:45+00:00\",\"breadcrumb\":{\"@id\":\"https:\\\/\\\/www.birolberber.com\\\/en\\\/kisisel-verileri-koruma\\\/#breadcrumb\"},\"inLanguage\":\"en-US\",\"potentialAction\":[{\"@type\":\"ReadAction\",\"target\":[\"https:\\\/\\\/www.birolberber.com\\\/en\\\/kisisel-verileri-koruma\\\/\"]}]},{\"@type\":\"BreadcrumbList\",\"@id\":\"https:\\\/\\\/www.birolberber.com\\\/en\\\/kisisel-verileri-koruma\\\/#breadcrumb\",\"itemListElement\":[{\"@type\":\"ListItem\",\"position\":1,\"name\":\"Anasayfa\",\"item\":\"https:\\\/\\\/www.birolberber.com\\\/\"},{\"@type\":\"ListItem\",\"position\":2,\"name\":\"KVKK\"}]},{\"@type\":\"WebSite\",\"@id\":\"https:\\\/\\\/www.birolberber.com\\\/#website\",\"url\":\"https:\\\/\\\/www.birolberber.com\\\/\",\"name\":\"Seslendirme &amp; Dublaj Y\u00f6netmeni | Birol Berber\",\"description\":\"\",\"publisher\":{\"@id\":\"https:\\\/\\\/www.birolberber.com\\\/#\\\/schema\\\/person\\\/ea326814c3a9474ff0bb33e0ee8bc551\"},\"potentialAction\":[{\"@type\":\"SearchAction\",\"target\":{\"@type\":\"EntryPoint\",\"urlTemplate\":\"https:\\\/\\\/www.birolberber.com\\\/?s={search_term_string}\"},\"query-input\":{\"@type\":\"PropertyValueSpecification\",\"valueRequired\":true,\"valueName\":\"search_term_string\"}}],\"inLanguage\":\"en-US\"},{\"@type\":[\"Person\",\"Organization\"],\"@id\":\"https:\\\/\\\/www.birolberber.com\\\/#\\\/schema\\\/person\\\/ea326814c3a9474ff0bb33e0ee8bc551\",\"name\":\"Birol Berber\",\"image\":{\"@type\":\"ImageObject\",\"inLanguage\":\"en-US\",\"@id\":\"https:\\\/\\\/www.birolberber.com\\\/wp-content\\\/uploads\\\/2022\\\/08\\\/birolberber-logo-dark.png\",\"url\":\"https:\\\/\\\/www.birolberber.com\\\/wp-content\\\/uploads\\\/2022\\\/08\\\/birolberber-logo-dark.png\",\"contentUrl\":\"https:\\\/\\\/www.birolberber.com\\\/wp-content\\\/uploads\\\/2022\\\/08\\\/birolberber-logo-dark.png\",\"width\":2013,\"height\":205,\"caption\":\"Birol Berber\"},\"logo\":{\"@id\":\"https:\\\/\\\/www.birolberber.com\\\/wp-content\\\/uploads\\\/2022\\\/08\\\/birolberber-logo-dark.png\"},\"sameAs\":[\"https:\\\/\\\/www.birolberber.com\",\"https:\\\/\\\/www.facebook.com\\\/birolberber.bibersa\",\"https:\\\/\\\/www.instagram.com\\\/birolberber\\\/\",\"https:\\\/\\\/www.linkedin.com\\\/in\\\/birolberber\\\/\",\"https:\\\/\\\/x.com\\\/https:\\\/\\\/twitter.com\\\/birolberber\",\"https:\\\/\\\/www.youtube.com\\\/c\\\/bibersaproduksiyonbirolberber\"]}]}<\/script>\n<!-- \/ Yoast SEO Premium plugin. -->","yoast_head_json":{"title":"KVKK - Voice Over &amp; Dubbing Director | Birol Barber","robots":{"index":"index","follow":"follow","max-snippet":"max-snippet:-1","max-image-preview":"max-image-preview:large","max-video-preview":"max-video-preview:-1"},"canonical":"https:\/\/www.birolberber.com\/en\/personal-data-protection\/","og_locale":"en_US","og_type":"article","og_title":"KVKK","og_description":"Ki\u015fisel Verilerin Korunmas\u0131na \u0130li\u015fkin Bilgilendirme; Birol Berber olarak ki\u015fisel verilerinizin 6698 say\u0131l\u0131 Ki\u015fisel Verilerin Korunmas\u0131 Kanunu&#8217;na (&#8220;Kanun&#8221;) uygun olarak i\u015flenerek, muhafaza edilmesine b\u00fcy\u00fck \u00f6nem veriyoruz. M\u00fc\u015fterilerimizi ki\u015fisel verileri toplama, i\u015fleme, aktarma amac\u0131m\u0131z ve y\u00f6ntemlerimiz ve buna ba\u011fl\u0131 olarak sizlerin Kanun&#8217;dan kaynaklanan haklar\u0131n\u0131zla ilgili bilgilendirmek isteriz. 1. Ki\u015fisel verilerin toplanmas\u0131na ili\u015fkin y\u00f6ntemler Birol Berber olarak, veri sorumlusu s\u0131fat\u0131yla, mevzuattan kaynaklanan yasal y\u00fck\u00fcml\u00fcl\u00fcklerimiz \u00e7er\u00e7evesinde; markalar\u0131m\u0131z\u0131n hizmetlerinden faydalanabilmeniz, onay\u0131n\u0131z halinde kampanyalar\u0131m\u0131z hakk\u0131nda sizleri bilgilendirmek, \u00f6neri ve \u015fikayetlerinizi kay\u0131t alt\u0131na alabilmek, sizlere daha iyi hizmet standartlar\u0131 olu\u015fturabilmek, Birol Berber ve i\u015f stratejilerinin belirlenmesi ve uygulanmas\u0131 gibi ama\u00e7larla ki\u015fisel verilerinizi s\u00f6zl\u00fc, internet sitesi, sosyal medya [&hellip;]","og_url":"https:\/\/www.birolberber.com\/en\/personal-data-protection\/","og_site_name":"Seslendirme &amp; Dublaj Y\u00f6netmeni | Birol Berber","article_publisher":"https:\/\/www.facebook.com\/birolberber.bibersa","article_modified_time":"2022-08-19T23:48:45+00:00","og_image":[{"width":2560,"height":1440,"url":"https:\/\/www.birolberber.com\/wp-content\/uploads\/2022\/08\/birol-berber.png","type":"image\/png"}],"twitter_card":"summary_large_image","twitter_site":"@birolberber","twitter_misc":{"Est. reading time":"5 minutes"},"schema":{"@context":"https:\/\/schema.org","@graph":[{"@type":"WebPage","@id":"https:\/\/www.birolberber.com\/en\/kisisel-verileri-koruma\/","url":"https:\/\/www.birolberber.com\/en\/kisisel-verileri-koruma\/","name":"KVKK - Voice Over &amp; Dubbing Director | Birol Barber","isPartOf":{"@id":"https:\/\/www.birolberber.com\/#website"},"datePublished":"2022-08-19T09:01:47+00:00","dateModified":"2022-08-19T23:48:45+00:00","breadcrumb":{"@id":"https:\/\/www.birolberber.com\/en\/kisisel-verileri-koruma\/#breadcrumb"},"inLanguage":"en-US","potentialAction":[{"@type":"ReadAction","target":["https:\/\/www.birolberber.com\/en\/kisisel-verileri-koruma\/"]}]},{"@type":"BreadcrumbList","@id":"https:\/\/www.birolberber.com\/en\/kisisel-verileri-koruma\/#breadcrumb","itemListElement":[{"@type":"ListItem","position":1,"name":"Anasayfa","item":"https:\/\/www.birolberber.com\/"},{"@type":"ListItem","position":2,"name":"KVKK"}]},{"@type":"WebSite","@id":"https:\/\/www.birolberber.com\/#website","url":"https:\/\/www.birolberber.com\/","name":"Voice &amp; Dubbing Director | Birol Barber","description":"","publisher":{"@id":"https:\/\/www.birolberber.com\/#\/schema\/person\/ea326814c3a9474ff0bb33e0ee8bc551"},"potentialAction":[{"@type":"SearchAction","target":{"@type":"EntryPoint","urlTemplate":"https:\/\/www.birolberber.com\/?s={search_term_string}"},"query-input":{"@type":"PropertyValueSpecification","valueRequired":true,"valueName":"search_term_string"}}],"inLanguage":"en-US"},{"@type":["Person","Organization"],"@id":"https:\/\/www.birolberber.com\/#\/schema\/person\/ea326814c3a9474ff0bb33e0ee8bc551","name":"Birol Barber","image":{"@type":"ImageObject","inLanguage":"en-US","@id":"https:\/\/www.birolberber.com\/wp-content\/uploads\/2022\/08\/birolberber-logo-dark.png","url":"https:\/\/www.birolberber.com\/wp-content\/uploads\/2022\/08\/birolberber-logo-dark.png","contentUrl":"https:\/\/www.birolberber.com\/wp-content\/uploads\/2022\/08\/birolberber-logo-dark.png","width":2013,"height":205,"caption":"Birol Berber"},"logo":{"@id":"https:\/\/www.birolberber.com\/wp-content\/uploads\/2022\/08\/birolberber-logo-dark.png"},"sameAs":["https:\/\/www.birolberber.com","https:\/\/www.facebook.com\/birolberber.bibersa","https:\/\/www.instagram.com\/birolberber\/","https:\/\/www.linkedin.com\/in\/birolberber\/","https:\/\/x.com\/https:\/\/twitter.com\/birolberber","https:\/\/www.youtube.com\/c\/bibersaproduksiyonbirolberber"]}]}},"_links":{"self":[{"href":"https:\/\/www.birolberber.com\/en\/wp-json\/wp\/v2\/pages\/10408","targetHints":{"allow":["GET"]}}],"collection":[{"href":"https:\/\/www.birolberber.com\/en\/wp-json\/wp\/v2\/pages"}],"about":[{"href":"https:\/\/www.birolberber.com\/en\/wp-json\/wp\/v2\/types\/page"}],"author":[{"embeddable":true,"href":"https:\/\/www.birolberber.com\/en\/wp-json\/wp\/v2\/users\/1"}],"replies":[{"embeddable":true,"href":"https:\/\/www.birolberber.com\/en\/wp-json\/wp\/v2\/comments?post=10408"}],"version-history":[{"count":0,"href":"https:\/\/www.birolberber.com\/en\/wp-json\/wp\/v2\/pages\/10408\/revisions"}],"wp:attachment":[{"href":"https:\/\/www.birolberber.com\/en\/wp-json\/wp\/v2\/media?parent=10408"}],"curies":[{"name":"wp","href":"https:\/\/api.w.org\/{rel}","templated":true}]}}